{"id":5312,"date":"2024-06-08T13:14:10","date_gmt":"2024-06-08T13:14:10","guid":{"rendered":"https:\/\/durumdurak.com\/?post_type=product&#038;p=5312"},"modified":"2024-06-08T13:14:10","modified_gmt":"2024-06-08T13:14:10","slug":"suzme-mercimek-corbasi","status":"publish","type":"product","link":"https:\/\/durumdurak.com\/index.php\/product\/suzme-mercimek-corbasi\/","title":{"rendered":"S\u00fczme Mercimek \u00c7orbas\u0131"},"content":{"rendered":"<p>Limon + s\u0131cak pide + salatal\u0131k tur\u015fusu + biber tur\u015fusu ile<\/p>\n","protected":false},"excerpt":{"rendered":"<p>Limon + s\u0131cak pide + salatal\u0131k tur\u015fusu + biber tur\u015fusu ile<\/p>\n","protected":false},"featured_media":5313,"comment_status":"open","ping_status":"closed","template":"","meta":{"_monsterinsights_skip_tracking":false,"_monsterinsights_sitenote_active":false,"_monsterinsights_sitenote_note":"","_monsterinsights_sitenote_category":0},"product_cat":[88],"product_tag":[],"class_list":{"0":"post-5312","1":"product","2":"type-product","3":"status-publish","4":"has-post-thumbnail","6":"product_cat-durum-durak","8":"first","9":"instock","10":"shipping-taxable","11":"product-type-simple"},"aioseo_notices":[],"_links":{"self":[{"href":"https:\/\/durumdurak.com\/index.php\/wp-json\/wp\/v2\/product\/5312","targetHints":{"allow":["GET"]}}],"collection":[{"href":"https:\/\/durumdurak.com\/index.php\/wp-json\/wp\/v2\/product"}],"about":[{"href":"https:\/\/durumdurak.com\/index.php\/wp-json\/wp\/v2\/types\/product"}],"replies":[{"embeddable":true,"href":"https:\/\/durumdurak.com\/index.php\/wp-json\/wp\/v2\/comments?post=5312"}],"wp:featuredmedia":[{"embeddable":true,"href":"https:\/\/durumdurak.com\/index.php\/wp-json\/wp\/v2\/media\/5313"}],"wp:attachment":[{"href":"https:\/\/durumdurak.com\/index.php\/wp-json\/wp\/v2\/media?parent=5312"}],"wp:term":[{"taxonomy":"product_cat","embeddable":true,"href":"https:\/\/durumdurak.com\/index.php\/wp-json\/wp\/v2\/product_cat?post=5312"},{"taxonomy":"product_tag","embeddable":true,"href":"https:\/\/durumdurak.com\/index.php\/wp-json\/wp\/v2\/product_tag?post=5312"}],"curies":[{"name":"wp","href":"https:\/\/api.w.org\/{rel}","templated":true}]}}