{"id":5316,"date":"2024-06-08T13:16:10","date_gmt":"2024-06-08T13:16:10","guid":{"rendered":"https:\/\/durumdurak.com\/?post_type=product&#038;p=5316"},"modified":"2024-06-08T13:16:10","modified_gmt":"2024-06-08T13:16:10","slug":"urfa-durum","status":"publish","type":"product","link":"https:\/\/durumdurak.com\/index.php\/product\/urfa-durum\/","title":{"rendered":"Urfa D\u00fcr\u00fcm"},"content":{"rendered":"<p>\u00d6zel lava\u015f ekme\u011fine sar\u0131l\u0131 z\u0131rhta \u00e7ekilmi\u015f Urfa kebab\u0131 + Salatal\u0131k tur\u015fusu + biber tur\u015fusu + lahana salatas\u0131 + k\u00f6z biber<\/p>\n","protected":false},"excerpt":{"rendered":"<p>\u00d6zel lava\u015f ekme\u011fine sar\u0131l\u0131 z\u0131rhta \u00e7ekilmi\u015f Urfa kebab\u0131 + Salatal\u0131k tur\u015fusu + biber tur\u015fusu + lahana salatas\u0131 + k\u00f6z biber<\/p>\n","protected":false},"featured_media":5266,"comment_status":"open","ping_status":"closed","template":"","meta":{"_monsterinsights_skip_tracking":false,"_monsterinsights_sitenote_active":false,"_monsterinsights_sitenote_note":"","_monsterinsights_sitenote_category":0},"product_cat":[88],"product_tag":[],"class_list":{"0":"post-5316","1":"product","2":"type-product","3":"status-publish","4":"has-post-thumbnail","6":"product_cat-durum-durak","8":"first","9":"instock","10":"shipping-taxable","11":"product-type-simple"},"aioseo_notices":[],"_links":{"self":[{"href":"https:\/\/durumdurak.com\/index.php\/wp-json\/wp\/v2\/product\/5316","targetHints":{"allow":["GET"]}}],"collection":[{"href":"https:\/\/durumdurak.com\/index.php\/wp-json\/wp\/v2\/product"}],"about":[{"href":"https:\/\/durumdurak.com\/index.php\/wp-json\/wp\/v2\/types\/product"}],"replies":[{"embeddable":true,"href":"https:\/\/durumdurak.com\/index.php\/wp-json\/wp\/v2\/comments?post=5316"}],"wp:featuredmedia":[{"embeddable":true,"href":"https:\/\/durumdurak.com\/index.php\/wp-json\/wp\/v2\/media\/5266"}],"wp:attachment":[{"href":"https:\/\/durumdurak.com\/index.php\/wp-json\/wp\/v2\/media?parent=5316"}],"wp:term":[{"taxonomy":"product_cat","embeddable":true,"href":"https:\/\/durumdurak.com\/index.php\/wp-json\/wp\/v2\/product_cat?post=5316"},{"taxonomy":"product_tag","embeddable":true,"href":"https:\/\/durumdurak.com\/index.php\/wp-json\/wp\/v2\/product_tag?post=5316"}],"curies":[{"name":"wp","href":"https:\/\/api.w.org\/{rel}","templated":true}]}}