{"id":5318,"date":"2024-06-08T13:17:03","date_gmt":"2024-06-08T13:17:03","guid":{"rendered":"https:\/\/durumdurak.com\/?post_type=product&#038;p=5318"},"modified":"2024-06-08T13:17:03","modified_gmt":"2024-06-08T13:17:03","slug":"kuzu-sis-durum","status":"publish","type":"product","link":"https:\/\/durumdurak.com\/index.php\/product\/kuzu-sis-durum\/","title":{"rendered":"Kuzu \u015ei\u015f D\u00fcr\u00fcm"},"content":{"rendered":"<p>\u00d6zel lava\u015f ekme\u011fine sar\u0131l\u0131 g\u00fcnl\u00fck taze do\u011franm\u0131\u015f \u00f6zel baharatlarla tatland\u0131r\u0131lm\u0131\u015f Kuzu \u015fi\u015f + Salatal\u0131k tur\u015fusu + biber tur\u015fusu + lahana salatas\u0131 + k\u00f6z biber<\/p>\n","protected":false},"excerpt":{"rendered":"<p>\u00d6zel lava\u015f ekme\u011fine sar\u0131l\u0131 g\u00fcnl\u00fck taze do\u011franm\u0131\u015f \u00f6zel baharatlarla tatland\u0131r\u0131lm\u0131\u015f Kuzu \u015fi\u015f + Salatal\u0131k tur\u015fusu + biber tur\u015fusu + lahana salatas\u0131 + k\u00f6z biber<\/p>\n","protected":false},"featured_media":5319,"comment_status":"open","ping_status":"closed","template":"","meta":{"_monsterinsights_skip_tracking":false,"_monsterinsights_sitenote_active":false,"_monsterinsights_sitenote_note":"","_monsterinsights_sitenote_category":0},"product_cat":[88],"product_tag":[],"class_list":{"0":"post-5318","1":"product","2":"type-product","3":"status-publish","4":"has-post-thumbnail","6":"product_cat-durum-durak","8":"first","9":"instock","10":"shipping-taxable","11":"product-type-simple"},"aioseo_notices":[],"_links":{"self":[{"href":"https:\/\/durumdurak.com\/index.php\/wp-json\/wp\/v2\/product\/5318","targetHints":{"allow":["GET"]}}],"collection":[{"href":"https:\/\/durumdurak.com\/index.php\/wp-json\/wp\/v2\/product"}],"about":[{"href":"https:\/\/durumdurak.com\/index.php\/wp-json\/wp\/v2\/types\/product"}],"replies":[{"embeddable":true,"href":"https:\/\/durumdurak.com\/index.php\/wp-json\/wp\/v2\/comments?post=5318"}],"wp:featuredmedia":[{"embeddable":true,"href":"https:\/\/durumdurak.com\/index.php\/wp-json\/wp\/v2\/media\/5319"}],"wp:attachment":[{"href":"https:\/\/durumdurak.com\/index.php\/wp-json\/wp\/v2\/media?parent=5318"}],"wp:term":[{"taxonomy":"product_cat","embeddable":true,"href":"https:\/\/durumdurak.com\/index.php\/wp-json\/wp\/v2\/product_cat?post=5318"},{"taxonomy":"product_tag","embeddable":true,"href":"https:\/\/durumdurak.com\/index.php\/wp-json\/wp\/v2\/product_tag?post=5318"}],"curies":[{"name":"wp","href":"https:\/\/api.w.org\/{rel}","templated":true}]}}